{"id":1189,"date":"2022-06-23T10:38:40","date_gmt":"2022-06-23T03:38:40","guid":{"rendered":"https:\/\/pih.vn\/?page_id=1189"},"modified":"2022-06-27T14:21:01","modified_gmt":"2022-06-27T07:21:01","slug":"scheduling-guide","status":"publish","type":"page","link":"https:\/\/vietmyhospital.com\/?page_id=1189&lang=en","title":{"rendered":"Scheduling guide"},"content":{"rendered":"\n<h2 class=\"wp-block-heading\">Scheduling guide<\/h2>\n\n\n\n<p>Phu yen international hospital thank you for always interested, trust and use our services.&nbsp;To save time for waiting and receive the best service, phu yen international hospital encourages visitors to make a booking through the switchboard.<\/p>\n\n\n\n<h3 class=\"wp-block-heading\">Set up an appointment<\/h3>\n\n\n\n<p><strong>Step 1&nbsp;<\/strong>Call 0257 358 9999<\/p>\n\n\n\n<p><strong>Step 2&nbsp;<\/strong>: press 0 to hear vietnamese and press one to hear english<\/p>\n\n\n\n<p><strong>Step 3&nbsp;<\/strong>: press one to meet the appointment staff<\/p>\n\n\n\n<h3 class=\"wp-block-heading\">Online appointment<\/h3>\n\n\n\n<p>Guests visit https:\/\/ benhvienphuyen. wecan &#8211; group. info \/ huong &#8211; dan &#8211; dat \/ and set orientation orientation&nbsp;<a href=\"https:\/\/www.vinmec.com\/vi\/dat-kham\/\"><strong>HERE&nbsp;<\/strong><\/a>&nbsp;<\/p>\n\n\n\n<p><strong>Note:<\/strong><\/p>\n\n\n\n<ul><li>Each of the average medical visits lasted about 30 minutes.&nbsp;You should arrive earlier than the date of appointment from 10 &#8211; 15 minutes to be welcomed and groomed for the medical examination process.<\/li><li>If you&#8217;re late for the appointment period, you may have to wait for medical personnel to schedule a visit to your guests.&nbsp;In case you can&#8217; t get to the right date, you may be able to notify the hospital by the general operator to arrange a proper schedule.<\/li><\/ul>\n","protected":false},"excerpt":{"rendered":"<p>Scheduling guide Phu yen international hospital thank you for always interested, trust and use our services.&nbsp;To save time for waiting and receive the best service, phu yen international hospital encourages visitors to make a booking through the switchboard. Set up an appointment Step 1&nbsp;Call 0257 358 9999 Step 2&nbsp;: press 0 to hear vietnamese and [&hellip;]<\/p>\n","protected":false},"author":1,"featured_media":0,"parent":0,"menu_order":0,"comment_status":"closed","ping_status":"closed","template":"template\/tpl-uyquyen.php","meta":{"footnotes":""},"acf":[],"yoast_head":"<!-- This site is optimized with the Yoast SEO plugin v18.9 - https:\/\/yoast.com\/wordpress\/plugins\/seo\/ -->\n<title>Scheduling guide - B\u1ec7nh Vi\u1ec7n Vi\u1ec7t M\u1ef9 Ph\u00fa Y\u00ean<\/title>\n<meta name=\"robots\" content=\"index, follow, max-snippet:-1, max-image-preview:large, max-video-preview:-1\" \/>\n<link rel=\"canonical\" href=\"https:\/\/vietmyhospital.com\/?page_id=1189&#038;lang=en\" \/>\n<meta property=\"og:locale\" content=\"vi_VN\" \/>\n<meta property=\"og:type\" content=\"article\" \/>\n<meta property=\"og:title\" content=\"Scheduling guide - B\u1ec7nh Vi\u1ec7n Vi\u1ec7t M\u1ef9 Ph\u00fa Y\u00ean\" \/>\n<meta property=\"og:description\" content=\"Scheduling guide Phu yen international hospital thank you for always interested, trust and use our services.&nbsp;To save time for waiting and receive the best service, phu yen international hospital encourages visitors to make a booking through the switchboard. Set up an appointment Step 1&nbsp;Call 0257 358 9999 Step 2&nbsp;: press 0 to hear vietnamese and [&hellip;]\" \/>\n<meta property=\"og:url\" content=\"https:\/\/vietmyhospital.com\/?page_id=1189&amp;lang=en\" \/>\n<meta property=\"og:site_name\" content=\"B\u1ec7nh Vi\u1ec7n Vi\u1ec7t M\u1ef9 Ph\u00fa Y\u00ean\" \/>\n<meta property=\"article:modified_time\" content=\"2022-06-27T07:21:01+00:00\" \/>\n<meta name=\"twitter:card\" content=\"summary_large_image\" \/>\n<meta name=\"twitter:label1\" content=\"\u01af\u1edbc t\u00ednh th\u1eddi gian \u0111\u1ecdc\" \/>\n\t<meta name=\"twitter:data1\" content=\"1 minute\" \/>\n<script type=\"application\/ld+json\" class=\"yoast-schema-graph\">{\"@context\":\"https:\/\/schema.org\",\"@graph\":[{\"@type\":\"WebSite\",\"@id\":\"https:\/\/vietmyhospital.com\/#website\",\"url\":\"https:\/\/vietmyhospital.com\/\",\"name\":\"B\u1ec7nh Vi\u1ec7n Vi\u1ec7t M\u1ef9 Ph\u00fa Y\u00ean\",\"description\":\"Ch\u0103m s\u00f3c t\u1eadn t\u00e2m - \u01b0\u01a1m m\u1ea7m h\u1ea1nh ph\u00fac\",\"potentialAction\":[{\"@type\":\"SearchAction\",\"target\":{\"@type\":\"EntryPoint\",\"urlTemplate\":\"https:\/\/vietmyhospital.com\/?s={search_term_string}\"},\"query-input\":\"required name=search_term_string\"}],\"inLanguage\":\"vi\"},{\"@type\":\"WebPage\",\"@id\":\"https:\/\/vietmyhospital.com\/?page_id=1189&lang=en#webpage\",\"url\":\"https:\/\/vietmyhospital.com\/?page_id=1189&lang=en\",\"name\":\"Scheduling guide - B\u1ec7nh Vi\u1ec7n Vi\u1ec7t M\u1ef9 Ph\u00fa Y\u00ean\",\"isPartOf\":{\"@id\":\"https:\/\/vietmyhospital.com\/#website\"},\"datePublished\":\"2022-06-23T03:38:40+00:00\",\"dateModified\":\"2022-06-27T07:21:01+00:00\",\"breadcrumb\":{\"@id\":\"https:\/\/vietmyhospital.com\/?page_id=1189&lang=en#breadcrumb\"},\"inLanguage\":\"vi\",\"potentialAction\":[{\"@type\":\"ReadAction\",\"target\":[\"https:\/\/vietmyhospital.com\/?page_id=1189&lang=en\"]}]},{\"@type\":\"BreadcrumbList\",\"@id\":\"https:\/\/vietmyhospital.com\/?page_id=1189&lang=en#breadcrumb\",\"itemListElement\":[{\"@type\":\"ListItem\",\"position\":1,\"name\":\"Home\",\"item\":\"https:\/\/vietmyhospital.com\/\"},{\"@type\":\"ListItem\",\"position\":2,\"name\":\"Scheduling guide\"}]}]}<\/script>\n<!-- \/ Yoast SEO plugin. -->","yoast_head_json":{"title":"Scheduling guide - B\u1ec7nh Vi\u1ec7n Vi\u1ec7t M\u1ef9 Ph\u00fa Y\u00ean","robots":{"index":"index","follow":"follow","max-snippet":"max-snippet:-1","max-image-preview":"max-image-preview:large","max-video-preview":"max-video-preview:-1"},"canonical":"https:\/\/vietmyhospital.com\/?page_id=1189&lang=en","og_locale":"vi_VN","og_type":"article","og_title":"Scheduling guide - B\u1ec7nh Vi\u1ec7n Vi\u1ec7t M\u1ef9 Ph\u00fa Y\u00ean","og_description":"Scheduling guide Phu yen international hospital thank you for always interested, trust and use our services.&nbsp;To save time for waiting and receive the best service, phu yen international hospital encourages visitors to make a booking through the switchboard. Set up an appointment Step 1&nbsp;Call 0257 358 9999 Step 2&nbsp;: press 0 to hear vietnamese and [&hellip;]","og_url":"https:\/\/vietmyhospital.com\/?page_id=1189&lang=en","og_site_name":"B\u1ec7nh Vi\u1ec7n Vi\u1ec7t M\u1ef9 Ph\u00fa Y\u00ean","article_modified_time":"2022-06-27T07:21:01+00:00","twitter_card":"summary_large_image","twitter_misc":{"\u01af\u1edbc t\u00ednh th\u1eddi gian \u0111\u1ecdc":"1 minute"},"schema":{"@context":"https:\/\/schema.org","@graph":[{"@type":"WebSite","@id":"https:\/\/vietmyhospital.com\/#website","url":"https:\/\/vietmyhospital.com\/","name":"B\u1ec7nh Vi\u1ec7n Vi\u1ec7t M\u1ef9 Ph\u00fa Y\u00ean","description":"Ch\u0103m s\u00f3c t\u1eadn t\u00e2m - \u01b0\u01a1m m\u1ea7m h\u1ea1nh ph\u00fac","potentialAction":[{"@type":"SearchAction","target":{"@type":"EntryPoint","urlTemplate":"https:\/\/vietmyhospital.com\/?s={search_term_string}"},"query-input":"required name=search_term_string"}],"inLanguage":"vi"},{"@type":"WebPage","@id":"https:\/\/vietmyhospital.com\/?page_id=1189&lang=en#webpage","url":"https:\/\/vietmyhospital.com\/?page_id=1189&lang=en","name":"Scheduling guide - B\u1ec7nh Vi\u1ec7n Vi\u1ec7t M\u1ef9 Ph\u00fa Y\u00ean","isPartOf":{"@id":"https:\/\/vietmyhospital.com\/#website"},"datePublished":"2022-06-23T03:38:40+00:00","dateModified":"2022-06-27T07:21:01+00:00","breadcrumb":{"@id":"https:\/\/vietmyhospital.com\/?page_id=1189&lang=en#breadcrumb"},"inLanguage":"vi","potentialAction":[{"@type":"ReadAction","target":["https:\/\/vietmyhospital.com\/?page_id=1189&lang=en"]}]},{"@type":"BreadcrumbList","@id":"https:\/\/vietmyhospital.com\/?page_id=1189&lang=en#breadcrumb","itemListElement":[{"@type":"ListItem","position":1,"name":"Home","item":"https:\/\/vietmyhospital.com\/"},{"@type":"ListItem","position":2,"name":"Scheduling guide"}]}]}},"_links":{"self":[{"href":"https:\/\/vietmyhospital.com\/index.php?rest_route=\/wp\/v2\/pages\/1189"}],"collection":[{"href":"https:\/\/vietmyhospital.com\/index.php?rest_route=\/wp\/v2\/pages"}],"about":[{"href":"https:\/\/vietmyhospital.com\/index.php?rest_route=\/wp\/v2\/types\/page"}],"author":[{"embeddable":true,"href":"https:\/\/vietmyhospital.com\/index.php?rest_route=\/wp\/v2\/users\/1"}],"replies":[{"embeddable":true,"href":"https:\/\/vietmyhospital.com\/index.php?rest_route=%2Fwp%2Fv2%2Fcomments&post=1189"}],"version-history":[{"count":0,"href":"https:\/\/vietmyhospital.com\/index.php?rest_route=\/wp\/v2\/pages\/1189\/revisions"}],"wp:attachment":[{"href":"https:\/\/vietmyhospital.com\/index.php?rest_route=%2Fwp%2Fv2%2Fmedia&parent=1189"}],"curies":[{"name":"wp","href":"https:\/\/api.w.org\/{rel}","templated":true}]}}