{"id":1315,"date":"2022-06-27T11:24:34","date_gmt":"2022-06-27T04:24:34","guid":{"rendered":"https:\/\/pih.vn\/?page_id=1315"},"modified":"2022-06-27T14:25:09","modified_gmt":"2022-06-27T07:25:09","slug":"visiting-regulations","status":"publish","type":"page","link":"https:\/\/vietmyhospital.com\/?page_id=1315&lang=en","title":{"rendered":"Visiting regulations"},"content":{"rendered":"\n<pre id=\"tw-target-text\" class=\"wp-block-preformatted\">Regulations on visiting hours for inpatients at PIH:\nFor active rehabilitation\r\n11: 30 \u2013 13: 30;\r\n\u00b7 afternoon: 16: 30 \u2013 21: 00;\r\n(all weekdays)\r\nProcedure for visiting patients\r\nStep 1 : sign up at the reception desk \/ protect.\r\nStep 2: To move to the area where the patient is currently residing under the guidance of the hospital employee.\r\nStep 3: Press the call button at the door each department, contact the nursing nurse to visit the patient.\r\nStep 4 : wearing a cape, wearing a mask, d\u00e9p, etc..\r\nStep 5 To the right department, the patient' s room needs to visit, not to go to the other rooms.\r\nStep 6 : get back on time, get back to the register to pay for the card and get your id back.\r\nGeneral regulations on visiting patients at pih\r\n\r\nVisitors to the patients shall present their id and procedures for registration of patients at the reception or protection at the hospital' s reception. Health workers will give you one card \/ visitor. A happy caregiver wears a card when he enters the boarding room.\r\nVisitors to the hospital shall not exceed 2 people each time. In case there are many visitors with a patient, each visit is 30 minutes.\r\nIn cases where children are under 12 years old, parents should stay with children (one) and not pay the stay at night. If you have a need to use the bed, please contact the nursing service to guide the paperwork and pay the bed - bed fee.\r\nBed time starts at 21: 00 a. m. the next 7: 30 the next day.\r\nAfter 21h daily, hospital security guards will carry out inspection procedures and invite visitors back.\r\nTo ensure medical hygiene, please don' t bring animals or materials that may cause fire, explosion and damage to the prevention.\r\nTo ensure the quality of treatment, visitors and patients are happy not to make noise to avoid affecting other patients.\r\nIn order for the patient' s medical information to be added, the family is pleased to contact the d\u01b0\u1ee1ng.<\/pre>\n","protected":false},"excerpt":{"rendered":"<p>Regulations on visiting hours for inpatients at PIH: For active rehabilitation 11: 30 \u2013 13: 30; \u00b7 afternoon: 16: 30 \u2013 21: 00; (all weekdays) Procedure for visiting patients Step 1 : sign up at the reception desk \/ protect. Step 2: To move to the area where the patient is currently residing under the [&hellip;]<\/p>\n","protected":false},"author":1,"featured_media":0,"parent":0,"menu_order":0,"comment_status":"closed","ping_status":"closed","template":"template\/tpl-uyquyen.php","meta":{"footnotes":""},"acf":[],"yoast_head":"<!-- This site is optimized with the Yoast SEO plugin v18.9 - https:\/\/yoast.com\/wordpress\/plugins\/seo\/ -->\n<title>Visiting regulations - B\u1ec7nh Vi\u1ec7n Vi\u1ec7t M\u1ef9 Ph\u00fa Y\u00ean<\/title>\n<meta name=\"robots\" content=\"index, follow, max-snippet:-1, max-image-preview:large, max-video-preview:-1\" \/>\n<link rel=\"canonical\" href=\"https:\/\/vietmyhospital.com\/?page_id=1315&#038;lang=en\" \/>\n<meta property=\"og:locale\" content=\"vi_VN\" \/>\n<meta property=\"og:type\" content=\"article\" \/>\n<meta property=\"og:title\" content=\"Visiting regulations - B\u1ec7nh Vi\u1ec7n Vi\u1ec7t M\u1ef9 Ph\u00fa Y\u00ean\" \/>\n<meta property=\"og:description\" content=\"Regulations on visiting hours for inpatients at PIH: For active rehabilitation 11: 30 \u2013 13: 30; \u00b7 afternoon: 16: 30 \u2013 21: 00; (all weekdays) Procedure for visiting patients Step 1 : sign up at the reception desk \/ protect. Step 2: To move to the area where the patient is currently residing under the [&hellip;]\" \/>\n<meta property=\"og:url\" content=\"https:\/\/vietmyhospital.com\/?page_id=1315&amp;lang=en\" \/>\n<meta property=\"og:site_name\" content=\"B\u1ec7nh Vi\u1ec7n Vi\u1ec7t M\u1ef9 Ph\u00fa Y\u00ean\" \/>\n<meta property=\"article:modified_time\" content=\"2022-06-27T07:25:09+00:00\" \/>\n<meta name=\"twitter:card\" content=\"summary_large_image\" \/>\n<meta name=\"twitter:label1\" content=\"\u01af\u1edbc t\u00ednh th\u1eddi gian \u0111\u1ecdc\" \/>\n\t<meta name=\"twitter:data1\" content=\"2 minutes\" \/>\n<script type=\"application\/ld+json\" class=\"yoast-schema-graph\">{\"@context\":\"https:\/\/schema.org\",\"@graph\":[{\"@type\":\"WebSite\",\"@id\":\"https:\/\/vietmyhospital.com\/#website\",\"url\":\"https:\/\/vietmyhospital.com\/\",\"name\":\"B\u1ec7nh Vi\u1ec7n Vi\u1ec7t M\u1ef9 Ph\u00fa Y\u00ean\",\"description\":\"Ch\u0103m s\u00f3c t\u1eadn t\u00e2m - \u01b0\u01a1m m\u1ea7m h\u1ea1nh ph\u00fac\",\"potentialAction\":[{\"@type\":\"SearchAction\",\"target\":{\"@type\":\"EntryPoint\",\"urlTemplate\":\"https:\/\/vietmyhospital.com\/?s={search_term_string}\"},\"query-input\":\"required name=search_term_string\"}],\"inLanguage\":\"vi\"},{\"@type\":\"WebPage\",\"@id\":\"https:\/\/vietmyhospital.com\/?page_id=1315&lang=en#webpage\",\"url\":\"https:\/\/vietmyhospital.com\/?page_id=1315&lang=en\",\"name\":\"Visiting regulations - B\u1ec7nh Vi\u1ec7n Vi\u1ec7t M\u1ef9 Ph\u00fa Y\u00ean\",\"isPartOf\":{\"@id\":\"https:\/\/vietmyhospital.com\/#website\"},\"datePublished\":\"2022-06-27T04:24:34+00:00\",\"dateModified\":\"2022-06-27T07:25:09+00:00\",\"breadcrumb\":{\"@id\":\"https:\/\/vietmyhospital.com\/?page_id=1315&lang=en#breadcrumb\"},\"inLanguage\":\"vi\",\"potentialAction\":[{\"@type\":\"ReadAction\",\"target\":[\"https:\/\/vietmyhospital.com\/?page_id=1315&lang=en\"]}]},{\"@type\":\"BreadcrumbList\",\"@id\":\"https:\/\/vietmyhospital.com\/?page_id=1315&lang=en#breadcrumb\",\"itemListElement\":[{\"@type\":\"ListItem\",\"position\":1,\"name\":\"Home\",\"item\":\"https:\/\/vietmyhospital.com\/\"},{\"@type\":\"ListItem\",\"position\":2,\"name\":\"Visiting regulations\"}]}]}<\/script>\n<!-- \/ Yoast SEO plugin. -->","yoast_head_json":{"title":"Visiting regulations - B\u1ec7nh Vi\u1ec7n Vi\u1ec7t M\u1ef9 Ph\u00fa Y\u00ean","robots":{"index":"index","follow":"follow","max-snippet":"max-snippet:-1","max-image-preview":"max-image-preview:large","max-video-preview":"max-video-preview:-1"},"canonical":"https:\/\/vietmyhospital.com\/?page_id=1315&lang=en","og_locale":"vi_VN","og_type":"article","og_title":"Visiting regulations - B\u1ec7nh Vi\u1ec7n Vi\u1ec7t M\u1ef9 Ph\u00fa Y\u00ean","og_description":"Regulations on visiting hours for inpatients at PIH: For active rehabilitation 11: 30 \u2013 13: 30; \u00b7 afternoon: 16: 30 \u2013 21: 00; (all weekdays) Procedure for visiting patients Step 1 : sign up at the reception desk \/ protect. Step 2: To move to the area where the patient is currently residing under the [&hellip;]","og_url":"https:\/\/vietmyhospital.com\/?page_id=1315&lang=en","og_site_name":"B\u1ec7nh Vi\u1ec7n Vi\u1ec7t M\u1ef9 Ph\u00fa Y\u00ean","article_modified_time":"2022-06-27T07:25:09+00:00","twitter_card":"summary_large_image","twitter_misc":{"\u01af\u1edbc t\u00ednh th\u1eddi gian \u0111\u1ecdc":"2 minutes"},"schema":{"@context":"https:\/\/schema.org","@graph":[{"@type":"WebSite","@id":"https:\/\/vietmyhospital.com\/#website","url":"https:\/\/vietmyhospital.com\/","name":"B\u1ec7nh Vi\u1ec7n Vi\u1ec7t M\u1ef9 Ph\u00fa Y\u00ean","description":"Ch\u0103m s\u00f3c t\u1eadn t\u00e2m - \u01b0\u01a1m m\u1ea7m h\u1ea1nh ph\u00fac","potentialAction":[{"@type":"SearchAction","target":{"@type":"EntryPoint","urlTemplate":"https:\/\/vietmyhospital.com\/?s={search_term_string}"},"query-input":"required name=search_term_string"}],"inLanguage":"vi"},{"@type":"WebPage","@id":"https:\/\/vietmyhospital.com\/?page_id=1315&lang=en#webpage","url":"https:\/\/vietmyhospital.com\/?page_id=1315&lang=en","name":"Visiting regulations - B\u1ec7nh Vi\u1ec7n Vi\u1ec7t M\u1ef9 Ph\u00fa Y\u00ean","isPartOf":{"@id":"https:\/\/vietmyhospital.com\/#website"},"datePublished":"2022-06-27T04:24:34+00:00","dateModified":"2022-06-27T07:25:09+00:00","breadcrumb":{"@id":"https:\/\/vietmyhospital.com\/?page_id=1315&lang=en#breadcrumb"},"inLanguage":"vi","potentialAction":[{"@type":"ReadAction","target":["https:\/\/vietmyhospital.com\/?page_id=1315&lang=en"]}]},{"@type":"BreadcrumbList","@id":"https:\/\/vietmyhospital.com\/?page_id=1315&lang=en#breadcrumb","itemListElement":[{"@type":"ListItem","position":1,"name":"Home","item":"https:\/\/vietmyhospital.com\/"},{"@type":"ListItem","position":2,"name":"Visiting regulations"}]}]}},"_links":{"self":[{"href":"https:\/\/vietmyhospital.com\/index.php?rest_route=\/wp\/v2\/pages\/1315"}],"collection":[{"href":"https:\/\/vietmyhospital.com\/index.php?rest_route=\/wp\/v2\/pages"}],"about":[{"href":"https:\/\/vietmyhospital.com\/index.php?rest_route=\/wp\/v2\/types\/page"}],"author":[{"embeddable":true,"href":"https:\/\/vietmyhospital.com\/index.php?rest_route=\/wp\/v2\/users\/1"}],"replies":[{"embeddable":true,"href":"https:\/\/vietmyhospital.com\/index.php?rest_route=%2Fwp%2Fv2%2Fcomments&post=1315"}],"version-history":[{"count":0,"href":"https:\/\/vietmyhospital.com\/index.php?rest_route=\/wp\/v2\/pages\/1315\/revisions"}],"wp:attachment":[{"href":"https:\/\/vietmyhospital.com\/index.php?rest_route=%2Fwp%2Fv2%2Fmedia&parent=1315"}],"curies":[{"name":"wp","href":"https:\/\/api.w.org\/{rel}","templated":true}]}}