{"id":137,"date":"2022-04-25T00:47:14","date_gmt":"2022-04-25T00:47:14","guid":{"rendered":"https:\/\/pih.vn\/?page_id=137"},"modified":"2026-03-31T11:18:10","modified_gmt":"2026-03-31T04:18:10","slug":"home","status":"publish","type":"page","link":"https:\/\/vietmyhospital.com\/","title":{"rendered":"VI\u1ec6T M\u1ef8 HOSPITAL"},"content":{"rendered":"\r\n<p>B\u1ec7nh vi\u1ec7n Vi\u1ec7t M\u1ef9 Ph\u00fa Y\u00ean khai tr\u01b0\u01a1ng nh\u1eadn kh\u00e1m v\u00e0 \u0111i\u1ec1u tr\u1ecb t\u1eeb ng\u00e0y 01\/04\/2024 \u0111\u00e3 nh\u1eadn \u0111\u01b0\u1ee3c nh\u1eefng nh\u1eadn x\u00e9t t\u00edch c\u1ef1c t\u1eeb b\u1ec7nh nh\u00e2n v\u00e0 ng\u01b0\u1eddi nh\u00e0 b\u1ec7nh nh\u00e2n khi \u0111\u1ebfn th\u0103m kh\u00e1m \u0111i\u1ec1u tr\u1ecb t\u1ea1i B\u1ec7nh vi\u1ec7n.<\/p>\r\n\r\n\r\n\r\n<p>T\u1ed1i ng\u00e0y 03\/04\/2024 B\u1ec7nh vi\u1ec7n \u0111\u00e3 ti\u1ebfp nh\u1eadn v\u00e0 th\u1ef1c hi\u1ec7n th\u00e0nh c\u00f4ng 03 ca sinh \u0111\u1ea7u ti\u00ean t\u1ea1i B\u1ec7nh vi\u1ec7n. T\u1ea5t c\u1ea3 c\u00e1c s\u1ea3n ph\u1ee5 \u0111\u01b0\u1ee3c k\u00edp tr\u1ef1c s\u1ea3n t\u01b0 v\u1ea5n tr\u01b0\u1edbc sinh r\u1ea5t k\u1ef9 v\u1ec1 nh\u1eefng \u01b0u \u0111i\u1ec3m, nh\u01b0\u1ee3c \u0111i\u1ec3m c\u1ee7a ph\u01b0\u01a1ng ph\u00e1p sinh con qua \u0111\u01b0\u1eddng t\u1ef1 nhi\u00ean v\u00e0 ph\u01b0\u01a1ng ph\u00e1p m\u1ed5 l\u1ea5y thai.<\/p>\r\n\r\n\r\n\r\n<p>Sau khi nghe t\u01b0 v\u1ea5n c\u1ee7a b\u00e1c s\u0129, c\u1ea3 03 s\u1ea3n ph\u1ee5 \u0111\u00e3 ch\u1ecdn ph\u01b0\u01a1ng ph\u00e1p sinh t\u1ef1 nhi\u00ean v\u00e0 k\u1ebft qu\u1ea3 \u0111\u1ea1t \u0111\u01b0\u1ee3c ngo\u00e0i mong \u0111\u1ee3i. M\u1eb7c d\u00f9 tr\u01b0\u1edbc \u0111\u00f3 c\u00e1c s\u1ea3n ph\u1ee5 d\u1ef1 \u0111\u1ecbnh s\u1ebd th\u1ef1c hi\u1ec7n ph\u01b0\u01a1ng ph\u00e1p m\u1ed5 l\u1ea5y thai.<\/p>\r\n\r\n\r\n\r\n<p>C\u1ea3m \u01a1n c\u00e1c s\u1ea3n ph\u1ee5 v\u00e0 gia \u0111\u00ecnh \u0111\u00e3 tin t\u01b0\u1edfng l\u1ef1a ch\u1ecdn B\u1ec7nh vi\u1ec7n Vi\u1ec7t M\u1ef9 Ph\u00fa Y\u00ean. \u0110\u00e2y s\u1ebd l\u00e0 \u0111\u1ed9ng l\u1ef1c \u0111\u1ec3 \u0111\u1ed9i ng\u0169 y b\u00e1c s\u0129 c\u1ed1 g\u1eafng v\u00ec s\u1ee9c kh\u1ecfe kh\u00e1ch h\u00e0ng.<\/p>\r\n\r\n\r\n\r\n<p>Chi ti\u1ebft vui l\u00f2ng li\u00ean h\u1ec7 v\u1edbi ch\u00fang t\u00f4i theo th\u00f4ng tin sau:<\/p>\r\n\r\n\r\n\r\n<p>Hotline: 0257.7309.168<\/p>\r\n\r\n\r\n\r\n<p>&nbsp;<\/p>\r\n","protected":false},"excerpt":{"rendered":"<p>B\u1ec7nh vi\u1ec7n Vi\u1ec7t M\u1ef9 Ph\u00fa Y\u00ean khai tr\u01b0\u01a1ng nh\u1eadn kh\u00e1m v\u00e0 \u0111i\u1ec1u tr\u1ecb t\u1eeb ng\u00e0y 01\/04\/2024 \u0111\u00e3 nh\u1eadn \u0111\u01b0\u1ee3c nh\u1eefng nh\u1eadn x\u00e9t t\u00edch c\u1ef1c t\u1eeb b\u1ec7nh nh\u00e2n v\u00e0 ng\u01b0\u1eddi nh\u00e0 b\u1ec7nh nh\u00e2n khi \u0111\u1ebfn th\u0103m kh\u00e1m \u0111i\u1ec1u tr\u1ecb t\u1ea1i B\u1ec7nh vi\u1ec7n. T\u1ed1i ng\u00e0y 03\/04\/2024 B\u1ec7nh vi\u1ec7n \u0111\u00e3 ti\u1ebfp nh\u1eadn v\u00e0 th\u1ef1c hi\u1ec7n th\u00e0nh c\u00f4ng 03 [&hellip;]<\/p>\n","protected":false},"author":1,"featured_media":4923,"parent":0,"menu_order":0,"comment_status":"closed","ping_status":"closed","template":"template\/tpl-home.php","meta":{"footnotes":""},"acf":[],"_links":{"self":[{"href":"https:\/\/vietmyhospital.com\/index.php?rest_route=\/wp\/v2\/pages\/137"}],"collection":[{"href":"https:\/\/vietmyhospital.com\/index.php?rest_route=\/wp\/v2\/pages"}],"about":[{"href":"https:\/\/vietmyhospital.com\/index.php?rest_route=\/wp\/v2\/types\/page"}],"author":[{"embeddable":true,"href":"https:\/\/vietmyhospital.com\/index.php?rest_route=\/wp\/v2\/users\/1"}],"replies":[{"embeddable":true,"href":"https:\/\/vietmyhospital.com\/index.php?rest_route=%2Fwp%2Fv2%2Fcomments&post=137"}],"version-history":[{"count":427,"href":"https:\/\/vietmyhospital.com\/index.php?rest_route=\/wp\/v2\/pages\/137\/revisions"}],"predecessor-version":[{"id":5159,"href":"https:\/\/vietmyhospital.com\/index.php?rest_route=\/wp\/v2\/pages\/137\/revisions\/5159"}],"wp:featuredmedia":[{"embeddable":true,"href":"https:\/\/vietmyhospital.com\/index.php?rest_route=\/wp\/v2\/media\/4923"}],"wp:attachment":[{"href":"https:\/\/vietmyhospital.com\/index.php?rest_route=%2Fwp%2Fv2%2Fmedia&parent=137"}],"curies":[{"name":"wp","href":"https:\/\/api.w.org\/{rel}","templated":true}]}}