{"id":165,"date":"2022-04-25T01:50:36","date_gmt":"2022-04-25T01:50:36","guid":{"rendered":"https:\/\/pih.vn\/?page_id=165"},"modified":"2024-10-09T17:08:55","modified_gmt":"2024-10-09T10:08:55","slug":"thong-tin-tuyen-dung","status":"publish","type":"page","link":"https:\/\/vietmyhospital.com\/?page_id=165","title":{"rendered":"Tuy\u1ec3n d\u1ee5ng"},"content":{"rendered":"\r\n<h3 class=\"wp-block-heading\">V\u1edbi m\u1ee5c ti\u00eau ph\u00e1t tri\u1ec3n, n\u00e2ng cao hi\u1ec7u qu\u1ea3 ho\u1ea1t \u0111\u1ed9ng, B\u1ec7nh vi\u1ec7n Vi\u1ec7t M\u1ef9 Ph\u00fa Y\u00ean c\u00f3 nhu c\u1ea7u tuy\u1ec3n d\u1ee5ng nh\u00e2n s\u1ef1 cho c\u00e1c v\u1ecb tr\u00ed nh\u01b0 sau:<\/h3>\r\n","protected":false},"excerpt":{"rendered":"<p>V\u1edbi m\u1ee5c ti\u00eau ph\u00e1t tri\u1ec3n, n\u00e2ng cao hi\u1ec7u qu\u1ea3 ho\u1ea1t \u0111\u1ed9ng, B\u1ec7nh vi\u1ec7n Vi\u1ec7t M\u1ef9 Ph\u00fa Y\u00ean c\u00f3 nhu c\u1ea7u tuy\u1ec3n d\u1ee5ng nh\u00e2n s\u1ef1 cho c\u00e1c v\u1ecb tr\u00ed nh\u01b0 sau:<\/p>\n","protected":false},"author":1,"featured_media":0,"parent":0,"menu_order":0,"comment_status":"closed","ping_status":"closed","template":"tpl-tuyendung.php","meta":{"footnotes":""},"acf":[],"yoast_head":"<!-- This site is optimized with the Yoast SEO plugin v18.9 - https:\/\/yoast.com\/wordpress\/plugins\/seo\/ -->\n<title>Tuy\u1ec3n d\u1ee5ng - B\u1ec7nh Vi\u1ec7n Vi\u1ec7t M\u1ef9 Ph\u00fa Y\u00ean<\/title>\n<meta name=\"robots\" content=\"index, follow, max-snippet:-1, max-image-preview:large, max-video-preview:-1\" \/>\n<link rel=\"canonical\" href=\"https:\/\/vietmyhospital.com\/?page_id=165\" \/>\n<meta property=\"og:locale\" content=\"vi_VN\" \/>\n<meta property=\"og:type\" content=\"article\" \/>\n<meta property=\"og:title\" content=\"Tuy\u1ec3n d\u1ee5ng - B\u1ec7nh Vi\u1ec7n Vi\u1ec7t M\u1ef9 Ph\u00fa Y\u00ean\" \/>\n<meta property=\"og:description\" content=\"V\u1edbi m\u1ee5c ti\u00eau ph\u00e1t tri\u1ec3n, n\u00e2ng cao hi\u1ec7u qu\u1ea3 ho\u1ea1t \u0111\u1ed9ng, B\u1ec7nh vi\u1ec7n Vi\u1ec7t M\u1ef9 Ph\u00fa Y\u00ean c\u00f3 nhu c\u1ea7u tuy\u1ec3n d\u1ee5ng nh\u00e2n s\u1ef1 cho c\u00e1c v\u1ecb tr\u00ed nh\u01b0 sau:\" \/>\n<meta property=\"og:url\" content=\"https:\/\/vietmyhospital.com\/?page_id=165\" \/>\n<meta property=\"og:site_name\" content=\"B\u1ec7nh Vi\u1ec7n Vi\u1ec7t M\u1ef9 Ph\u00fa Y\u00ean\" \/>\n<meta property=\"article:modified_time\" content=\"2024-10-09T10:08:55+00:00\" \/>\n<meta name=\"twitter:card\" content=\"summary_large_image\" \/>\n<meta name=\"twitter:label1\" content=\"\u01af\u1edbc t\u00ednh th\u1eddi gian \u0111\u1ecdc\" \/>\n\t<meta name=\"twitter:data1\" content=\"1 minute\" \/>\n<script type=\"application\/ld+json\" class=\"yoast-schema-graph\">{\"@context\":\"https:\/\/schema.org\",\"@graph\":[{\"@type\":\"WebSite\",\"@id\":\"https:\/\/vietmyhospital.com\/#website\",\"url\":\"https:\/\/vietmyhospital.com\/\",\"name\":\"B\u1ec7nh Vi\u1ec7n Vi\u1ec7t M\u1ef9 Ph\u00fa Y\u00ean\",\"description\":\"Ch\u1ecdn s\u1ee9c kh\u1ecfe - L\u00e0m ch\u1ee7 h\u1ea1nh ph\u00fac\",\"potentialAction\":[{\"@type\":\"SearchAction\",\"target\":{\"@type\":\"EntryPoint\",\"urlTemplate\":\"https:\/\/vietmyhospital.com\/?s={search_term_string}\"},\"query-input\":\"required name=search_term_string\"}],\"inLanguage\":\"vi\"},{\"@type\":\"WebPage\",\"@id\":\"https:\/\/vietmyhospital.com\/?page_id=165#webpage\",\"url\":\"https:\/\/vietmyhospital.com\/?page_id=165\",\"name\":\"Tuy\u1ec3n d\u1ee5ng - B\u1ec7nh Vi\u1ec7n Vi\u1ec7t M\u1ef9 Ph\u00fa Y\u00ean\",\"isPartOf\":{\"@id\":\"https:\/\/vietmyhospital.com\/#website\"},\"datePublished\":\"2022-04-25T01:50:36+00:00\",\"dateModified\":\"2024-10-09T10:08:55+00:00\",\"breadcrumb\":{\"@id\":\"https:\/\/vietmyhospital.com\/?page_id=165#breadcrumb\"},\"inLanguage\":\"vi\",\"potentialAction\":[{\"@type\":\"ReadAction\",\"target\":[\"https:\/\/vietmyhospital.com\/?page_id=165\"]}]},{\"@type\":\"BreadcrumbList\",\"@id\":\"https:\/\/vietmyhospital.com\/?page_id=165#breadcrumb\",\"itemListElement\":[{\"@type\":\"ListItem\",\"position\":1,\"name\":\"Home\",\"item\":\"https:\/\/vietmyhospital.com\/\"},{\"@type\":\"ListItem\",\"position\":2,\"name\":\"Tuy\u1ec3n d\u1ee5ng\"}]}]}<\/script>\n<!-- \/ Yoast SEO plugin. -->","yoast_head_json":{"title":"Tuy\u1ec3n d\u1ee5ng - B\u1ec7nh Vi\u1ec7n Vi\u1ec7t M\u1ef9 Ph\u00fa Y\u00ean","robots":{"index":"index","follow":"follow","max-snippet":"max-snippet:-1","max-image-preview":"max-image-preview:large","max-video-preview":"max-video-preview:-1"},"canonical":"https:\/\/vietmyhospital.com\/?page_id=165","og_locale":"vi_VN","og_type":"article","og_title":"Tuy\u1ec3n d\u1ee5ng - B\u1ec7nh Vi\u1ec7n Vi\u1ec7t M\u1ef9 Ph\u00fa Y\u00ean","og_description":"V\u1edbi m\u1ee5c ti\u00eau ph\u00e1t tri\u1ec3n, n\u00e2ng cao hi\u1ec7u qu\u1ea3 ho\u1ea1t \u0111\u1ed9ng, B\u1ec7nh vi\u1ec7n Vi\u1ec7t M\u1ef9 Ph\u00fa Y\u00ean c\u00f3 nhu c\u1ea7u tuy\u1ec3n d\u1ee5ng nh\u00e2n s\u1ef1 cho c\u00e1c v\u1ecb tr\u00ed nh\u01b0 sau:","og_url":"https:\/\/vietmyhospital.com\/?page_id=165","og_site_name":"B\u1ec7nh Vi\u1ec7n Vi\u1ec7t M\u1ef9 Ph\u00fa Y\u00ean","article_modified_time":"2024-10-09T10:08:55+00:00","twitter_card":"summary_large_image","twitter_misc":{"\u01af\u1edbc t\u00ednh th\u1eddi gian \u0111\u1ecdc":"1 minute"},"schema":{"@context":"https:\/\/schema.org","@graph":[{"@type":"WebSite","@id":"https:\/\/vietmyhospital.com\/#website","url":"https:\/\/vietmyhospital.com\/","name":"B\u1ec7nh Vi\u1ec7n Vi\u1ec7t M\u1ef9 Ph\u00fa Y\u00ean","description":"Ch\u1ecdn s\u1ee9c kh\u1ecfe - L\u00e0m ch\u1ee7 h\u1ea1nh ph\u00fac","potentialAction":[{"@type":"SearchAction","target":{"@type":"EntryPoint","urlTemplate":"https:\/\/vietmyhospital.com\/?s={search_term_string}"},"query-input":"required name=search_term_string"}],"inLanguage":"vi"},{"@type":"WebPage","@id":"https:\/\/vietmyhospital.com\/?page_id=165#webpage","url":"https:\/\/vietmyhospital.com\/?page_id=165","name":"Tuy\u1ec3n d\u1ee5ng - B\u1ec7nh Vi\u1ec7n Vi\u1ec7t M\u1ef9 Ph\u00fa Y\u00ean","isPartOf":{"@id":"https:\/\/vietmyhospital.com\/#website"},"datePublished":"2022-04-25T01:50:36+00:00","dateModified":"2024-10-09T10:08:55+00:00","breadcrumb":{"@id":"https:\/\/vietmyhospital.com\/?page_id=165#breadcrumb"},"inLanguage":"vi","potentialAction":[{"@type":"ReadAction","target":["https:\/\/vietmyhospital.com\/?page_id=165"]}]},{"@type":"BreadcrumbList","@id":"https:\/\/vietmyhospital.com\/?page_id=165#breadcrumb","itemListElement":[{"@type":"ListItem","position":1,"name":"Home","item":"https:\/\/vietmyhospital.com\/"},{"@type":"ListItem","position":2,"name":"Tuy\u1ec3n d\u1ee5ng"}]}]}},"_links":{"self":[{"href":"https:\/\/vietmyhospital.com\/index.php?rest_route=\/wp\/v2\/pages\/165"}],"collection":[{"href":"https:\/\/vietmyhospital.com\/index.php?rest_route=\/wp\/v2\/pages"}],"about":[{"href":"https:\/\/vietmyhospital.com\/index.php?rest_route=\/wp\/v2\/types\/page"}],"author":[{"embeddable":true,"href":"https:\/\/vietmyhospital.com\/index.php?rest_route=\/wp\/v2\/users\/1"}],"replies":[{"embeddable":true,"href":"https:\/\/vietmyhospital.com\/index.php?rest_route=%2Fwp%2Fv2%2Fcomments&post=165"}],"version-history":[{"count":16,"href":"https:\/\/vietmyhospital.com\/index.php?rest_route=\/wp\/v2\/pages\/165\/revisions"}],"predecessor-version":[{"id":3821,"href":"https:\/\/vietmyhospital.com\/index.php?rest_route=\/wp\/v2\/pages\/165\/revisions\/3821"}],"wp:attachment":[{"href":"https:\/\/vietmyhospital.com\/index.php?rest_route=%2Fwp%2Fv2%2Fmedia&parent=165"}],"curies":[{"name":"wp","href":"https:\/\/api.w.org\/{rel}","templated":true}]}}