{"id":363,"date":"2022-04-27T02:34:23","date_gmt":"2022-04-27T02:34:23","guid":{"rendered":"https:\/\/pih.vn\/?page_id=363"},"modified":"2026-03-21T09:16:18","modified_gmt":"2026-03-21T02:16:18","slug":"ho-tro-bang-gia-2","status":"publish","type":"page","link":"https:\/\/vietmyhospital.com\/?page_id=363","title":{"rendered":"H\u1ed7 tr\u1ee3 b\u1ea3ng gi\u00e1"},"content":{"rendered":"<p><iframe style=\"border: 1px solid #ccc;\" src=\"https:\/\/docs.google.com\/spreadsheets\/d\/e\/2PACX-1vSzwVHIp3Sstiu5K-Z46dUk3xN0WEBpXK8hLWoofKD8k7o2UA18zPdxhnElrSdVCA\/pubhtml?gid=2003489822&amp;single=true&amp;widget=true&amp;headers=false\" width=\"700%\" height=\"700\"><span data-mce-type=\"bookmark\" style=\"display: inline-block; width: 0px; overflow: hidden; line-height: 0;\" class=\"mce_SELRES_start\">\ufeff<\/span><span data-mce-type=\"bookmark\" style=\"display: inline-block; width: 0px; overflow: hidden; line-height: 0;\" class=\"mce_SELRES_start\">\ufeff<\/span><br \/>\n<\/iframe><\/p>\n","protected":false},"excerpt":{"rendered":"<p>\ufeff\ufeff<\/p>\n","protected":false},"author":1,"featured_media":3127,"parent":0,"menu_order":0,"comment_status":"closed","ping_status":"closed","template":"tpl-hotro-banggia.php","meta":{"footnotes":""},"acf":[],"yoast_head":"<!-- This site is optimized with the Yoast SEO plugin v18.9 - https:\/\/yoast.com\/wordpress\/plugins\/seo\/ -->\n<title>H\u1ed7 tr\u1ee3 b\u1ea3ng gi\u00e1 - B\u1ec7nh Vi\u1ec7n Vi\u1ec7t M\u1ef9 Ph\u00fa Y\u00ean<\/title>\n<meta name=\"robots\" content=\"index, follow, max-snippet:-1, max-image-preview:large, max-video-preview:-1\" \/>\n<link rel=\"canonical\" href=\"https:\/\/vietmyhospital.com\/?page_id=363\" \/>\n<meta property=\"og:locale\" content=\"vi_VN\" \/>\n<meta property=\"og:type\" content=\"article\" \/>\n<meta property=\"og:title\" content=\"H\u1ed7 tr\u1ee3 b\u1ea3ng gi\u00e1 - B\u1ec7nh Vi\u1ec7n Vi\u1ec7t M\u1ef9 Ph\u00fa Y\u00ean\" \/>\n<meta property=\"og:description\" content=\"\ufeff\ufeff\" \/>\n<meta property=\"og:url\" content=\"https:\/\/vietmyhospital.com\/?page_id=363\" \/>\n<meta property=\"og:site_name\" content=\"B\u1ec7nh Vi\u1ec7n Vi\u1ec7t M\u1ef9 Ph\u00fa Y\u00ean\" \/>\n<meta property=\"article:modified_time\" content=\"2026-03-21T02:16:18+00:00\" \/>\n<meta property=\"og:image\" content=\"https:\/\/vietmyhospital.com\/wp-content\/uploads\/2024\/06\/Logo.png\" \/>\n\t<meta property=\"og:image:width\" content=\"202\" \/>\n\t<meta property=\"og:image:height\" content=\"98\" \/>\n\t<meta property=\"og:image:type\" content=\"image\/png\" \/>\n<meta name=\"twitter:card\" content=\"summary_large_image\" \/>\n<script type=\"application\/ld+json\" class=\"yoast-schema-graph\">{\"@context\":\"https:\/\/schema.org\",\"@graph\":[{\"@type\":\"WebSite\",\"@id\":\"https:\/\/vietmyhospital.com\/#website\",\"url\":\"https:\/\/vietmyhospital.com\/\",\"name\":\"B\u1ec7nh Vi\u1ec7n Vi\u1ec7t M\u1ef9 Ph\u00fa Y\u00ean\",\"description\":\"Ch\u0103m s\u00f3c t\u1eadn t\u00e2m - \u01b0\u01a1m m\u1ea7m h\u1ea1nh ph\u00fac\",\"potentialAction\":[{\"@type\":\"SearchAction\",\"target\":{\"@type\":\"EntryPoint\",\"urlTemplate\":\"https:\/\/vietmyhospital.com\/?s={search_term_string}\"},\"query-input\":\"required name=search_term_string\"}],\"inLanguage\":\"vi\"},{\"@type\":\"ImageObject\",\"inLanguage\":\"vi\",\"@id\":\"https:\/\/vietmyhospital.com\/?page_id=363#primaryimage\",\"url\":\"https:\/\/vietmyhospital.com\/wp-content\/uploads\/2024\/06\/Logo.png\",\"contentUrl\":\"https:\/\/vietmyhospital.com\/wp-content\/uploads\/2024\/06\/Logo.png\",\"width\":202,\"height\":98},{\"@type\":\"WebPage\",\"@id\":\"https:\/\/vietmyhospital.com\/?page_id=363#webpage\",\"url\":\"https:\/\/vietmyhospital.com\/?page_id=363\",\"name\":\"H\u1ed7 tr\u1ee3 b\u1ea3ng gi\u00e1 - B\u1ec7nh Vi\u1ec7n Vi\u1ec7t M\u1ef9 Ph\u00fa Y\u00ean\",\"isPartOf\":{\"@id\":\"https:\/\/vietmyhospital.com\/#website\"},\"primaryImageOfPage\":{\"@id\":\"https:\/\/vietmyhospital.com\/?page_id=363#primaryimage\"},\"datePublished\":\"2022-04-27T02:34:23+00:00\",\"dateModified\":\"2026-03-21T02:16:18+00:00\",\"breadcrumb\":{\"@id\":\"https:\/\/vietmyhospital.com\/?page_id=363#breadcrumb\"},\"inLanguage\":\"vi\",\"potentialAction\":[{\"@type\":\"ReadAction\",\"target\":[\"https:\/\/vietmyhospital.com\/?page_id=363\"]}]},{\"@type\":\"BreadcrumbList\",\"@id\":\"https:\/\/vietmyhospital.com\/?page_id=363#breadcrumb\",\"itemListElement\":[{\"@type\":\"ListItem\",\"position\":1,\"name\":\"Home\",\"item\":\"https:\/\/vietmyhospital.com\/\"},{\"@type\":\"ListItem\",\"position\":2,\"name\":\"H\u1ed7 tr\u1ee3 b\u1ea3ng gi\u00e1\"}]}]}<\/script>\n<!-- \/ Yoast SEO plugin. -->","yoast_head_json":{"title":"H\u1ed7 tr\u1ee3 b\u1ea3ng gi\u00e1 - B\u1ec7nh Vi\u1ec7n Vi\u1ec7t M\u1ef9 Ph\u00fa Y\u00ean","robots":{"index":"index","follow":"follow","max-snippet":"max-snippet:-1","max-image-preview":"max-image-preview:large","max-video-preview":"max-video-preview:-1"},"canonical":"https:\/\/vietmyhospital.com\/?page_id=363","og_locale":"vi_VN","og_type":"article","og_title":"H\u1ed7 tr\u1ee3 b\u1ea3ng gi\u00e1 - B\u1ec7nh Vi\u1ec7n Vi\u1ec7t M\u1ef9 Ph\u00fa Y\u00ean","og_description":"\ufeff\ufeff","og_url":"https:\/\/vietmyhospital.com\/?page_id=363","og_site_name":"B\u1ec7nh Vi\u1ec7n Vi\u1ec7t M\u1ef9 Ph\u00fa Y\u00ean","article_modified_time":"2026-03-21T02:16:18+00:00","og_image":[{"width":202,"height":98,"url":"https:\/\/vietmyhospital.com\/wp-content\/uploads\/2024\/06\/Logo.png","type":"image\/png"}],"twitter_card":"summary_large_image","schema":{"@context":"https:\/\/schema.org","@graph":[{"@type":"WebSite","@id":"https:\/\/vietmyhospital.com\/#website","url":"https:\/\/vietmyhospital.com\/","name":"B\u1ec7nh Vi\u1ec7n Vi\u1ec7t M\u1ef9 Ph\u00fa Y\u00ean","description":"Ch\u0103m s\u00f3c t\u1eadn t\u00e2m - \u01b0\u01a1m m\u1ea7m h\u1ea1nh ph\u00fac","potentialAction":[{"@type":"SearchAction","target":{"@type":"EntryPoint","urlTemplate":"https:\/\/vietmyhospital.com\/?s={search_term_string}"},"query-input":"required name=search_term_string"}],"inLanguage":"vi"},{"@type":"ImageObject","inLanguage":"vi","@id":"https:\/\/vietmyhospital.com\/?page_id=363#primaryimage","url":"https:\/\/vietmyhospital.com\/wp-content\/uploads\/2024\/06\/Logo.png","contentUrl":"https:\/\/vietmyhospital.com\/wp-content\/uploads\/2024\/06\/Logo.png","width":202,"height":98},{"@type":"WebPage","@id":"https:\/\/vietmyhospital.com\/?page_id=363#webpage","url":"https:\/\/vietmyhospital.com\/?page_id=363","name":"H\u1ed7 tr\u1ee3 b\u1ea3ng gi\u00e1 - B\u1ec7nh Vi\u1ec7n Vi\u1ec7t M\u1ef9 Ph\u00fa Y\u00ean","isPartOf":{"@id":"https:\/\/vietmyhospital.com\/#website"},"primaryImageOfPage":{"@id":"https:\/\/vietmyhospital.com\/?page_id=363#primaryimage"},"datePublished":"2022-04-27T02:34:23+00:00","dateModified":"2026-03-21T02:16:18+00:00","breadcrumb":{"@id":"https:\/\/vietmyhospital.com\/?page_id=363#breadcrumb"},"inLanguage":"vi","potentialAction":[{"@type":"ReadAction","target":["https:\/\/vietmyhospital.com\/?page_id=363"]}]},{"@type":"BreadcrumbList","@id":"https:\/\/vietmyhospital.com\/?page_id=363#breadcrumb","itemListElement":[{"@type":"ListItem","position":1,"name":"Home","item":"https:\/\/vietmyhospital.com\/"},{"@type":"ListItem","position":2,"name":"H\u1ed7 tr\u1ee3 b\u1ea3ng gi\u00e1"}]}]}},"_links":{"self":[{"href":"https:\/\/vietmyhospital.com\/index.php?rest_route=\/wp\/v2\/pages\/363"}],"collection":[{"href":"https:\/\/vietmyhospital.com\/index.php?rest_route=\/wp\/v2\/pages"}],"about":[{"href":"https:\/\/vietmyhospital.com\/index.php?rest_route=\/wp\/v2\/types\/page"}],"author":[{"embeddable":true,"href":"https:\/\/vietmyhospital.com\/index.php?rest_route=\/wp\/v2\/users\/1"}],"replies":[{"embeddable":true,"href":"https:\/\/vietmyhospital.com\/index.php?rest_route=%2Fwp%2Fv2%2Fcomments&post=363"}],"version-history":[{"count":53,"href":"https:\/\/vietmyhospital.com\/index.php?rest_route=\/wp\/v2\/pages\/363\/revisions"}],"predecessor-version":[{"id":5120,"href":"https:\/\/vietmyhospital.com\/index.php?rest_route=\/wp\/v2\/pages\/363\/revisions\/5120"}],"wp:featuredmedia":[{"embeddable":true,"href":"https:\/\/vietmyhospital.com\/index.php?rest_route=\/wp\/v2\/media\/3127"}],"wp:attachment":[{"href":"https:\/\/vietmyhospital.com\/index.php?rest_route=%2Fwp%2Fv2%2Fmedia&parent=363"}],"curies":[{"name":"wp","href":"https:\/\/api.w.org\/{rel}","templated":true}]}}