{"id":537,"date":"2022-05-04T03:41:01","date_gmt":"2022-05-04T03:41:01","guid":{"rendered":"https:\/\/pih.vn\/?page_id=537"},"modified":"2024-06-20T10:21:12","modified_gmt":"2024-06-20T03:21:12","slug":"quy-trinh-kham-chua-benh","status":"publish","type":"page","link":"https:\/\/vietmyhospital.com\/?page_id=537","title":{"rendered":"Quy tr\u00ecnh kh\u00e1m ch\u1eefa b\u1ec7nh"},"content":{"rendered":"\n<h3 class=\"wp-block-heading has-text-align-center\"><mark style=\"font-weight: bold; background-color: rgba(0, 0, 0, 0); color: rgb(0, 88, 160);\" class=\"has-inline-color\">Quy tr\u00ecnh th\u0103m kh\u00e1m v\u00e0 \u0111i\u1ec1u tr\u1ecb b\u1ec7nh ngo\u1ea1i tr\u00fa t\u1ea1i<\/mark>&lt;br><strong><mark style=\"background-color:rgba(0, 0, 0, 0);color:#0058a0\" class=\"has-inline-color\">B\u1ec7nh vi\u1ec7n Vi\u1ec7t M\u1ef9 Ph\u00fa Y\u00ean<\/mark><\/strong><\/h3>\n\n\n\n<figure class=\"wp-block-image size-full is-resized\"><img decoding=\"async\" width=\"595\" height=\"747\" src=\"https:\/\/vietmyhospital.com\/wp-content\/uploads\/2024\/04\/image.png\" alt=\"\" class=\"wp-image-2823\" style=\"width:808px;height:auto\" srcset=\"https:\/\/vietmyhospital.com\/wp-content\/uploads\/2024\/04\/image.png 595w, https:\/\/vietmyhospital.com\/wp-content\/uploads\/2024\/04\/image-239x300.png 239w\" sizes=\"(max-width: 595px) 100vw, 595px\" \/><\/figure>\n\n\n\n<p><u><strong><mark style=\"background-color:rgba(0, 0, 0, 0);color:#0058a0\" class=\"has-inline-color\">B\u01b0\u1edbc 1:<\/mark><\/strong><\/u><\/p>\n\n\n\n<p>&#8211; L\u1ea5y s\u1ed1 th\u1ee9 t\u1ef1 v\u00e0 \u0111\u0103ng k\u00fd kh\u00e1m<\/p>\n\n\n\n<p>&#8211; Xu\u1ea5t tr\u00ecnh gi\u1ea5y t\u1edd t\u00f9y th\u00e2n c\u00f3 \u1ea3nh (C\u0103n c\u01b0\u1edbc c\u00f4ng d\u00e2n, passport), cung c\u1ea5p cho l\u1ec5 t\u00e2n v\u1ec1 th\u1ebb BHYT, BHTN, h\u1ed3 s\u01a1 kh\u00e1m v\u00e0 toa thu\u1ed1c c\u1ee7a nh\u1eefng l\u1ea7n kh\u00e1m tr\u01b0\u1edbc v\u00e0 \u1edf b\u1ec7nh vi\u1ec7n kh\u00e1c (n\u1ebfu c\u00f3)<\/p>\n\n\n\n<p><strong><u><mark style=\"background-color:rgba(0, 0, 0, 0);color:#0058a0\" class=\"has-inline-color\">B\u01b0\u1edbc 2:<\/mark><\/u><\/strong><\/p>\n\n\n\n<p>&#8211; CKSH, \u0110i\u1ec1u d\u01b0\u1ee1ng h\u01b0\u1edbng d\u1eabn Kh\u00e1ch h\u00e0ng \u0111\u1ebfn Ph\u00f2ng kh\u00e1m<\/p>\n\n\n\n<p>&#8211; B\u00e1c s\u0129 th\u0103m kh\u00e1m<\/p>\n\n\n\n<p><strong><mark style=\"background-color:rgba(0, 0, 0, 0);color:#0058a0\" class=\"has-inline-color\"><u>B\u01b0\u1edbc 3:<\/u> <\/mark><\/strong> Kh\u00e1ch h\u00e0ng th\u1ef1c hi\u1ec7n C\u1eadn l\u00e2m s\u00e0ng theo c\u00e1c ch\u1ec9 \u0111\u1ecbnh c\u1ee7a B\u00e1c s\u0129.<\/p>\n\n\n\n<p><strong><u><mark style=\"background-color:rgba(0, 0, 0, 0);color:#0058a0\" class=\"has-inline-color\">B\u01b0\u1edbc 4:<\/mark><\/u> <\/strong>B\u00e1c s\u0129 k\u1ebft lu\u1eadn d\u1ef1a tr\u00ean c\u00e1c k\u1ebft qu\u1ea3 CLS, t\u01b0 v\u1ea5n ph\u01b0\u01a1ng ph\u00e1p \u0111i\u1ec1u tr\u1ecb ho\u1eb7c cho ch\u1ec9 \u0111\u1ecbnh nh\u1eadp vi\u1ec7n<\/p>\n\n\n\n<p><strong><u><mark style=\"background-color:rgba(0, 0, 0, 0);color:#0058a0\" class=\"has-inline-color\">B\u01b0\u1edbc 5:<\/mark><\/u><\/strong> Thanh to\u00e1n chi ph\u00ed kh\u00e1m ch\u1eefa b\u1ec7nh.<\/p>\n\n\n\n<p><mark style=\"background-color:rgba(0, 0, 0, 0)\" class=\"has-inline-color has-vivid-red-color\"><strong><u>L\u01afU \u00dd<\/u><\/strong>:<\/mark><\/p>\n\n\n\n<p>Trong t\u1ea5t c\u1ea3 nh\u1eefng b\u01b0\u1edbc tr\u00ean, n\u1ebfu Qu\u00fd kh\u00e1ch h\u00e0ng g\u1eb7p kh\u00f3 kh\u0103n ho\u1eb7c b\u1ea5t ti\u1ec7n \u1edf b\u1ea5t k\u1ef3 b\u01b0\u1edbc n\u00e0o, xin vui l\u00f2ng li\u00ean h\u1ec7 nh\u00e2n vi\u00ean t\u1ea1i qu\u1ea7y Ch\u0103m s\u00f3c kh\u00e1ch h\u00e0ng ho\u1eb7c Nh\u00e2n vi\u00ean y t\u1ebf \u0111\u1ec3 \u0111\u01b0\u1ee3c h\u01b0\u1edbng d\u1eabn chi ti\u1ebft v\u00e0 nhanh ch\u00f3ng. \u0110\u1ec3 \u0111\u01b0\u1ee3c t\u01b0 v\u1ea5n quy tr\u00ecnh kh\u00e1m v\u00e0 \u0111i\u1ec1u tr\u1ecb ngo\u1ea1i tr\u00fa, c\u00e1c th\u00f4ng tin d\u1ecbch v\u1ee5, g\u00f3i kh\u00e1m ch\u1eefa b\u1ec7nh t\u1ea1i B\u1ec7nh vi\u1ec7n Vi\u1ec7t M\u1ef9 Ph\u00fa Y\u00ean, qu\u00fd kh\u00e1ch h\u00e0ng vui l\u00f2ng li\u00ean h\u1ec7:&nbsp;0257 7309 168<\/p>\n","protected":false},"excerpt":{"rendered":"<p>Quy tr\u00ecnh th\u0103m kh\u00e1m v\u00e0 \u0111i\u1ec1u tr\u1ecb b\u1ec7nh ngo\u1ea1i tr\u00fa t\u1ea1i&lt;br>B\u1ec7nh vi\u1ec7n Vi\u1ec7t M\u1ef9 Ph\u00fa Y\u00ean B\u01b0\u1edbc 1: &#8211; L\u1ea5y s\u1ed1 th\u1ee9 t\u1ef1 v\u00e0 \u0111\u0103ng k\u00fd kh\u00e1m &#8211; Xu\u1ea5t tr\u00ecnh gi\u1ea5y t\u1edd t\u00f9y th\u00e2n c\u00f3 \u1ea3nh (C\u0103n c\u01b0\u1edbc c\u00f4ng d\u00e2n, passport), cung c\u1ea5p cho l\u1ec5 t\u00e2n v\u1ec1 th\u1ebb BHYT, BHTN, h\u1ed3 s\u01a1 kh\u00e1m v\u00e0 toa [&hellip;]<\/p>\n","protected":false},"author":1,"featured_media":0,"parent":0,"menu_order":0,"comment_status":"closed","ping_status":"closed","template":"template\/tpl-uyquyen.php","meta":{"footnotes":""},"acf":[],"yoast_head":"<!-- This site is optimized with the Yoast SEO plugin v18.9 - https:\/\/yoast.com\/wordpress\/plugins\/seo\/ -->\n<title>Quy tr\u00ecnh kh\u00e1m ch\u1eefa b\u1ec7nh - B\u1ec7nh Vi\u1ec7n Vi\u1ec7t M\u1ef9 Ph\u00fa Y\u00ean<\/title>\n<meta name=\"robots\" content=\"index, follow, max-snippet:-1, max-image-preview:large, max-video-preview:-1\" \/>\n<link rel=\"canonical\" href=\"https:\/\/vietmyhospital.com\/?page_id=537\" \/>\n<meta property=\"og:locale\" content=\"vi_VN\" \/>\n<meta property=\"og:type\" content=\"article\" \/>\n<meta property=\"og:title\" content=\"Quy tr\u00ecnh kh\u00e1m ch\u1eefa b\u1ec7nh - B\u1ec7nh Vi\u1ec7n Vi\u1ec7t M\u1ef9 Ph\u00fa Y\u00ean\" \/>\n<meta property=\"og:description\" content=\"Quy tr\u00ecnh th\u0103m kh\u00e1m v\u00e0 \u0111i\u1ec1u tr\u1ecb b\u1ec7nh ngo\u1ea1i tr\u00fa t\u1ea1i&lt;br&gt;B\u1ec7nh vi\u1ec7n Vi\u1ec7t M\u1ef9 Ph\u00fa Y\u00ean B\u01b0\u1edbc 1: &#8211; L\u1ea5y s\u1ed1 th\u1ee9 t\u1ef1 v\u00e0 \u0111\u0103ng k\u00fd kh\u00e1m &#8211; Xu\u1ea5t tr\u00ecnh gi\u1ea5y t\u1edd t\u00f9y th\u00e2n c\u00f3 \u1ea3nh (C\u0103n c\u01b0\u1edbc c\u00f4ng d\u00e2n, passport), cung c\u1ea5p cho l\u1ec5 t\u00e2n v\u1ec1 th\u1ebb BHYT, BHTN, h\u1ed3 s\u01a1 kh\u00e1m v\u00e0 toa [&hellip;]\" \/>\n<meta property=\"og:url\" content=\"https:\/\/vietmyhospital.com\/?page_id=537\" \/>\n<meta property=\"og:site_name\" content=\"B\u1ec7nh Vi\u1ec7n Vi\u1ec7t M\u1ef9 Ph\u00fa Y\u00ean\" \/>\n<meta property=\"article:modified_time\" content=\"2024-06-20T03:21:12+00:00\" \/>\n<meta property=\"og:image\" content=\"https:\/\/vietmyhospital.com\/wp-content\/uploads\/2024\/04\/image.png\" \/>\n<meta name=\"twitter:card\" content=\"summary_large_image\" \/>\n<meta name=\"twitter:label1\" content=\"\u01af\u1edbc t\u00ednh th\u1eddi gian \u0111\u1ecdc\" \/>\n\t<meta name=\"twitter:data1\" content=\"2 minutes\" \/>\n<script type=\"application\/ld+json\" class=\"yoast-schema-graph\">{\"@context\":\"https:\/\/schema.org\",\"@graph\":[{\"@type\":\"WebSite\",\"@id\":\"https:\/\/vietmyhospital.com\/#website\",\"url\":\"https:\/\/vietmyhospital.com\/\",\"name\":\"B\u1ec7nh Vi\u1ec7n Vi\u1ec7t M\u1ef9 Ph\u00fa Y\u00ean\",\"description\":\"Ch\u1ecdn s\u1ee9c kh\u1ecfe - L\u00e0m ch\u1ee7 h\u1ea1nh ph\u00fac\",\"potentialAction\":[{\"@type\":\"SearchAction\",\"target\":{\"@type\":\"EntryPoint\",\"urlTemplate\":\"https:\/\/vietmyhospital.com\/?s={search_term_string}\"},\"query-input\":\"required name=search_term_string\"}],\"inLanguage\":\"vi\"},{\"@type\":\"ImageObject\",\"inLanguage\":\"vi\",\"@id\":\"https:\/\/vietmyhospital.com\/?page_id=537#primaryimage\",\"url\":\"https:\/\/vietmyhospital.com\/wp-content\/uploads\/2024\/04\/image.png\",\"contentUrl\":\"https:\/\/vietmyhospital.com\/wp-content\/uploads\/2024\/04\/image.png\",\"width\":595,\"height\":747},{\"@type\":\"WebPage\",\"@id\":\"https:\/\/vietmyhospital.com\/?page_id=537#webpage\",\"url\":\"https:\/\/vietmyhospital.com\/?page_id=537\",\"name\":\"Quy tr\u00ecnh kh\u00e1m ch\u1eefa b\u1ec7nh - B\u1ec7nh Vi\u1ec7n Vi\u1ec7t M\u1ef9 Ph\u00fa Y\u00ean\",\"isPartOf\":{\"@id\":\"https:\/\/vietmyhospital.com\/#website\"},\"primaryImageOfPage\":{\"@id\":\"https:\/\/vietmyhospital.com\/?page_id=537#primaryimage\"},\"datePublished\":\"2022-05-04T03:41:01+00:00\",\"dateModified\":\"2024-06-20T03:21:12+00:00\",\"breadcrumb\":{\"@id\":\"https:\/\/vietmyhospital.com\/?page_id=537#breadcrumb\"},\"inLanguage\":\"vi\",\"potentialAction\":[{\"@type\":\"ReadAction\",\"target\":[\"https:\/\/vietmyhospital.com\/?page_id=537\"]}]},{\"@type\":\"BreadcrumbList\",\"@id\":\"https:\/\/vietmyhospital.com\/?page_id=537#breadcrumb\",\"itemListElement\":[{\"@type\":\"ListItem\",\"position\":1,\"name\":\"Home\",\"item\":\"https:\/\/vietmyhospital.com\/\"},{\"@type\":\"ListItem\",\"position\":2,\"name\":\"Quy tr\u00ecnh kh\u00e1m ch\u1eefa b\u1ec7nh\"}]}]}<\/script>\n<!-- \/ Yoast SEO plugin. -->","yoast_head_json":{"title":"Quy tr\u00ecnh kh\u00e1m ch\u1eefa b\u1ec7nh - B\u1ec7nh Vi\u1ec7n Vi\u1ec7t M\u1ef9 Ph\u00fa Y\u00ean","robots":{"index":"index","follow":"follow","max-snippet":"max-snippet:-1","max-image-preview":"max-image-preview:large","max-video-preview":"max-video-preview:-1"},"canonical":"https:\/\/vietmyhospital.com\/?page_id=537","og_locale":"vi_VN","og_type":"article","og_title":"Quy tr\u00ecnh kh\u00e1m ch\u1eefa b\u1ec7nh - B\u1ec7nh Vi\u1ec7n Vi\u1ec7t M\u1ef9 Ph\u00fa Y\u00ean","og_description":"Quy tr\u00ecnh th\u0103m kh\u00e1m v\u00e0 \u0111i\u1ec1u tr\u1ecb b\u1ec7nh ngo\u1ea1i tr\u00fa t\u1ea1i&lt;br>B\u1ec7nh vi\u1ec7n Vi\u1ec7t M\u1ef9 Ph\u00fa Y\u00ean B\u01b0\u1edbc 1: &#8211; L\u1ea5y s\u1ed1 th\u1ee9 t\u1ef1 v\u00e0 \u0111\u0103ng k\u00fd kh\u00e1m &#8211; Xu\u1ea5t tr\u00ecnh gi\u1ea5y t\u1edd t\u00f9y th\u00e2n c\u00f3 \u1ea3nh (C\u0103n c\u01b0\u1edbc c\u00f4ng d\u00e2n, passport), cung c\u1ea5p cho l\u1ec5 t\u00e2n v\u1ec1 th\u1ebb BHYT, BHTN, h\u1ed3 s\u01a1 kh\u00e1m v\u00e0 toa [&hellip;]","og_url":"https:\/\/vietmyhospital.com\/?page_id=537","og_site_name":"B\u1ec7nh Vi\u1ec7n Vi\u1ec7t M\u1ef9 Ph\u00fa Y\u00ean","article_modified_time":"2024-06-20T03:21:12+00:00","og_image":[{"url":"https:\/\/vietmyhospital.com\/wp-content\/uploads\/2024\/04\/image.png"}],"twitter_card":"summary_large_image","twitter_misc":{"\u01af\u1edbc t\u00ednh th\u1eddi gian \u0111\u1ecdc":"2 minutes"},"schema":{"@context":"https:\/\/schema.org","@graph":[{"@type":"WebSite","@id":"https:\/\/vietmyhospital.com\/#website","url":"https:\/\/vietmyhospital.com\/","name":"B\u1ec7nh Vi\u1ec7n Vi\u1ec7t M\u1ef9 Ph\u00fa Y\u00ean","description":"Ch\u1ecdn s\u1ee9c kh\u1ecfe - L\u00e0m ch\u1ee7 h\u1ea1nh ph\u00fac","potentialAction":[{"@type":"SearchAction","target":{"@type":"EntryPoint","urlTemplate":"https:\/\/vietmyhospital.com\/?s={search_term_string}"},"query-input":"required name=search_term_string"}],"inLanguage":"vi"},{"@type":"ImageObject","inLanguage":"vi","@id":"https:\/\/vietmyhospital.com\/?page_id=537#primaryimage","url":"https:\/\/vietmyhospital.com\/wp-content\/uploads\/2024\/04\/image.png","contentUrl":"https:\/\/vietmyhospital.com\/wp-content\/uploads\/2024\/04\/image.png","width":595,"height":747},{"@type":"WebPage","@id":"https:\/\/vietmyhospital.com\/?page_id=537#webpage","url":"https:\/\/vietmyhospital.com\/?page_id=537","name":"Quy tr\u00ecnh kh\u00e1m ch\u1eefa b\u1ec7nh - B\u1ec7nh Vi\u1ec7n Vi\u1ec7t M\u1ef9 Ph\u00fa Y\u00ean","isPartOf":{"@id":"https:\/\/vietmyhospital.com\/#website"},"primaryImageOfPage":{"@id":"https:\/\/vietmyhospital.com\/?page_id=537#primaryimage"},"datePublished":"2022-05-04T03:41:01+00:00","dateModified":"2024-06-20T03:21:12+00:00","breadcrumb":{"@id":"https:\/\/vietmyhospital.com\/?page_id=537#breadcrumb"},"inLanguage":"vi","potentialAction":[{"@type":"ReadAction","target":["https:\/\/vietmyhospital.com\/?page_id=537"]}]},{"@type":"BreadcrumbList","@id":"https:\/\/vietmyhospital.com\/?page_id=537#breadcrumb","itemListElement":[{"@type":"ListItem","position":1,"name":"Home","item":"https:\/\/vietmyhospital.com\/"},{"@type":"ListItem","position":2,"name":"Quy tr\u00ecnh kh\u00e1m ch\u1eefa b\u1ec7nh"}]}]}},"_links":{"self":[{"href":"https:\/\/vietmyhospital.com\/index.php?rest_route=\/wp\/v2\/pages\/537"}],"collection":[{"href":"https:\/\/vietmyhospital.com\/index.php?rest_route=\/wp\/v2\/pages"}],"about":[{"href":"https:\/\/vietmyhospital.com\/index.php?rest_route=\/wp\/v2\/types\/page"}],"author":[{"embeddable":true,"href":"https:\/\/vietmyhospital.com\/index.php?rest_route=\/wp\/v2\/users\/1"}],"replies":[{"embeddable":true,"href":"https:\/\/vietmyhospital.com\/index.php?rest_route=%2Fwp%2Fv2%2Fcomments&post=537"}],"version-history":[{"count":22,"href":"https:\/\/vietmyhospital.com\/index.php?rest_route=\/wp\/v2\/pages\/537\/revisions"}],"predecessor-version":[{"id":3208,"href":"https:\/\/vietmyhospital.com\/index.php?rest_route=\/wp\/v2\/pages\/537\/revisions\/3208"}],"wp:attachment":[{"href":"https:\/\/vietmyhospital.com\/index.php?rest_route=%2Fwp%2Fv2%2Fmedia&parent=537"}],"curies":[{"name":"wp","href":"https:\/\/api.w.org\/{rel}","templated":true}]}}